{"id":2470,"date":"2024-02-19T15:25:54","date_gmt":"2024-02-19T20:25:54","guid":{"rendered":"https:\/\/pc-ac.ca\/politique-de-confidentialie\/"},"modified":"2024-02-19T16:45:23","modified_gmt":"2024-02-19T21:45:23","slug":"privacy-policy","status":"publish","type":"page","link":"https:\/\/pc-ac.ca\/en\/privacy-policy\/","title":{"rendered":"Privacy policy"},"content":{"rendered":"\t\t<div data-elementor-type=\"wp-page\" data-elementor-id=\"2470\" class=\"elementor elementor-2470 elementor-2454\" data-elementor-post-type=\"page\">\n\t\t\t\t\t\t<section class=\"elementor-section elementor-top-section elementor-element elementor-element-4130b96 elementor-section-height-min-height ph elementor-section-boxed elementor-section-height-default elementor-section-items-middle\" data-id=\"4130b96\" data-element_type=\"section\" data-settings=\"{&quot;jet_parallax_layout_list&quot;:[],&quot;background_background&quot;:&quot;classic&quot;}\">\n\t\t\t\t\t\t\t<div class=\"elementor-background-overlay\"><\/div>\n\t\t\t\t\t\t\t<div class=\"elementor-container elementor-column-gap-default\">\n\t\t\t\t\t<div class=\"elementor-column elementor-col-100 elementor-top-column elementor-element elementor-element-d8e0eac\" data-id=\"d8e0eac\" data-element_type=\"column\">\n\t\t\t<div class=\"elementor-widget-wrap elementor-element-populated\">\n\t\t\t\t\t\t<div class=\"elementor-element elementor-element-6e54b7e uppercase elementor-invisible elementor-widget elementor-widget-heading\" data-id=\"6e54b7e\" data-element_type=\"widget\" data-settings=\"{&quot;_animation&quot;:&quot;fadeIn&quot;}\" data-widget_type=\"heading.default\">\n\t\t\t\t<div class=\"elementor-widget-container\">\n\t\t\t\t\t<h1 class=\"elementor-heading-title elementor-size-default\">PRIVACY POLICY<\/h1>\t\t\t\t<\/div>\n\t\t\t\t<\/div>\n\t\t\t\t\t<\/div>\n\t\t<\/div>\n\t\t\t\t\t<\/div>\n\t\t<\/section>\n\t\t\t\t<section class=\"elementor-section elementor-top-section elementor-element elementor-element-20c3de4 elementor-section-height-min-height elementor-section-boxed elementor-section-height-default elementor-section-items-middle\" data-id=\"20c3de4\" data-element_type=\"section\" data-settings=\"{&quot;jet_parallax_layout_list&quot;:[],&quot;background_background&quot;:&quot;classic&quot;}\">\n\t\t\t\t\t\t<div class=\"elementor-container elementor-column-gap-default\">\n\t\t\t\t\t<div class=\"elementor-column elementor-col-100 elementor-top-column elementor-element elementor-element-a6e203d\" data-id=\"a6e203d\" data-element_type=\"column\">\n\t\t\t<div class=\"elementor-widget-wrap\">\n\t\t\t\t\t\t\t<\/div>\n\t\t<\/div>\n\t\t\t\t\t<\/div>\n\t\t<\/section>\n\t\t\t\t<section class=\"elementor-section elementor-top-section elementor-element elementor-element-6d80f52 ph elementor-section-boxed elementor-section-height-default elementor-section-height-default\" data-id=\"6d80f52\" data-element_type=\"section\" data-settings=\"{&quot;jet_parallax_layout_list&quot;:[],&quot;background_background&quot;:&quot;classic&quot;}\">\n\t\t\t\t\t\t<div class=\"elementor-container elementor-column-gap-default\">\n\t\t\t\t\t<div class=\"elementor-column elementor-col-100 elementor-top-column elementor-element elementor-element-e5b4efa\" data-id=\"e5b4efa\" data-element_type=\"column\">\n\t\t\t<div class=\"elementor-widget-wrap elementor-element-populated\">\n\t\t\t\t\t\t<div class=\"elementor-element elementor-element-35013be politique elementor-widget elementor-widget-text-editor\" data-id=\"35013be\" data-element_type=\"widget\" data-widget_type=\"text-editor.default\">\n\t\t\t\t<div class=\"elementor-widget-container\">\n\t\t\t\t\t\t\t\t\t<p lang=\"fr-CA\" align=\"justify\">Pr\u00e9vention du crime Ahuntsic Cartierville respects your privacy. We are committed to protecting the personal information of our users. We have adopted this privacy policy (the &#8220;Policy&#8221;) to be transparent about the data we collect, the reasons why we collect it, with whom we share it, how you can access it, and how to correct it, if necessary. In this policy, the terms &#8220;Pr\u00e9vention du crime Ahuntsic Cartierville&#8221;, &#8220;PCAC&#8221;, &#8220;we&#8221;, &#8220;our&#8221;, and &#8220;ours&#8221; refer to Pr\u00e9vention du crime Ahuntsic Cartierville.<\/p><p lang=\"fr-CA\" align=\"justify\">We acknowledge our obligation to manage your data responsibly. We do not sell and will not sell your data to third parties.<\/p><p lang=\"fr-CA\" align=\"justify\">his policy applies to the use of the website <a href=\"https:\/\/www.pc-ac.ca\/\" target=\"_new\">https:\/\/www.pc-ac.ca<\/a>. Please read it carefully to understand when you provide us with your data and how we use it. By using our website, you agree to the use of your personal information as described in this Policy. <strong>To make this Policy as clear as possible, we have identified the occasions when a user might potentially share personal information with us. Therefore, the Policy is divided as follows:<\/strong><\/p><ul><li>Learning more about the organization<\/li><li>Contacting us<\/li><\/ul><p lang=\"fr-CA\" align=\"justify\">The information collected through these different sections will be discussed in more detail in this Policy. Information such as how your personal information is used, how and when it might be shared, how you can access and control it, how we ensure your information is secure, and how to contact us will be addressed.<\/p><h2 lang=\"fr-CA\">Learning more about Pr\u00e9vention du crime Ahuntsic Cartierville<\/h2><div class=\"flex-1 overflow-hidden\"><div class=\"react-scroll-to-bottom--css-gmlki-79elbk h-full\"><div class=\"react-scroll-to-bottom--css-gmlki-1n7m0yu\"><div class=\"flex flex-col pb-9 text-sm\"><div class=\"w-full text-token-text-primary\" data-testid=\"conversation-turn-15\"><div class=\"px-4 py-2 justify-center text-base md:gap-6 m-auto\"><div class=\"flex flex-1 text-base mx-auto gap-3 md:px-5 lg:px-1 xl:px-5 md:max-w-3xl lg:max-w-[40rem] xl:max-w-[48rem] group final-completion\"><div class=\"relative flex w-full flex-col agent-turn\"><div class=\"flex-col gap-1 md:gap-3\"><div class=\"flex flex-grow flex-col max-w-full\"><div class=\"min-h-[20px] text-message flex flex-col items-start gap-3 whitespace-pre-wrap break-words [.text-message+&amp;]:mt-5 overflow-x-auto\" data-message-author-role=\"assistant\" data-message-id=\"15816a3b-d8f2-4d27-9798-87f7af934217\"><div class=\"markdown prose w-full break-words dark:prose-invert light\"><p>By attempting to learn more about Pr\u00e9vention du crime Ahuntsic Cartierville and what we can do for you through one of the following means:<\/p><ul><li>Contact by email for more information<\/li><li>Subscription to a newsletter<\/li><li>Contact form<\/li><li>Via our social networks<\/li><\/ul><p>It is possible that you visit our website where various information will be collected.<\/p><p>We automatically collect the following information through cookies or similar technologies:<\/p><ul><li>Type and version of the browser used<\/li><li>IP address<\/li><li>Page that led to the website<\/li><li>Geographical location<\/li><li>Amount of time spent on the website<\/li><\/ul><p>We collect the following information during a first contact or as part of your communications with us:<\/p><ul><li>Name<\/li><li>First name<\/li><li>Email address<\/li><li>Information voluntarily provided<\/li><\/ul><p>Why: The data collected allows us to analyze how our website is used and accessed, thereby enabling us to enhance its functionality and optimize it to better meet the needs of our users. This data also allows us to offer quality service and communicate with you to help you easily find the information you are looking for.<\/p><p>Legal basis: Necessary for our legitimate interests (improvement and personalization of our products and services) and yours (to answer your questions and enable you to contact us).<\/p><p>Note that the information collected by cookies does not allow us to personally identify you. Also note that it is possible for you to choose to refuse the collection of cookies:<\/p><ul><li>through your web browser<\/li><li>or from our cookie banner.<\/li><\/ul><p>However, it is possible that by refusing the collection of cookies, you may not be able to access certain parts or features of our website.<\/p><p>You may wish to contact our customer service in case of a problem. During this process, we will collect information such as your:<\/p><ul><li>First name<\/li><li>Last name<\/li><li>Email address<\/li><\/ul><p>Why: We use this information to be able to identify you and respond to your inquiries or requests.<\/p><p>Legal basis: This information is necessary to correctly identify anyone contacting us and thus be able to respond to your needs.<\/p><\/div><\/div><\/div><\/div><\/div><\/div><\/div><\/div><\/div><\/div><\/div><\/div><h2 lang=\"fr-CA\" align=\"justify\">How do we use your data?<\/h2><p>The submission of your personal information through your use of our site is governed by this Policy. As a user of our Site, you are also committed to respecting and protecting the personal information of third parties.<\/p><p>We use your data specifically for the following purposes:<\/p><ul><li>To develop new features and improve the website<\/li><li>To offer the best possible customer service<\/li><li>To communicate for marketing, advertising, or account management purposes<\/li><li>To establish statistics that guide business decisions<\/li><\/ul><h2 lang=\"fr-CA\">Our use of cookies<\/h2><p>When you visit our website, it is possible that you provide us with information via cookies or similar technologies.<\/p><p>Cookies are files containing a small amount of data about a given user. This data can include an anonymous unique identifier. Cookies are stored on the user&#8217;s computer or on the hard drive of another device. They allow us to tailor your user experience each time you visit our site.<\/p><h2 lang=\"fr-CA\">With whom do we share your data and why?<\/h2><p>We never sell the personal information of our users. Your data is only shared in accordance with this Policy. However, when you consent to this Policy, it is possible that we may share your personal information with the following parties:<\/p><p>Third-party providers: In the course of our activities, we may need to share some of your data with certain third parties. For example, we might share some of your data with our IT suppliers for the performance of their duties or the execution of a service contract.<\/p><p>In general, the providers we use will only collect, use, and disclose your information to the extent necessary to perform the services they provide to us, such as hosting our website via WordPress.<\/p><p>However, some third-party service providers have their own privacy policies regarding the information we are required to provide to them when we use their services. For these providers, we recommend that you read their privacy policies carefully so you can understand how they will handle your personal information collected.<\/p><p>Once you leave our website or are redirected to a third-party website or application, you are no longer governed by this Policy.<\/p><h2 lang=\"fr-CA\" align=\"justify\">List of our IT suppliers<\/h2><p>Google Analytics: Privacy Policy<\/p><ul><li>To prevent Google Analytics from collecting your data: <a href=\"https:\/\/tools.google.com\/dlpage\/gaoptout?hl=en\" target=\"_new\">https:\/\/tools.google.com\/dlpage\/gaoptout?hl=en<\/a><\/li><li>To customize ads appearing on various Google platforms: <a href=\"http:\/\/www.google.com\/settings\/ads\" target=\"_new\">http:\/\/www.google.com\/settings\/ads<\/a><\/li><\/ul><p>WordPress &#8211; website: Privacy Policy Google: Privacy Policy<\/p><p>Meta: Privacy Policy<\/p><p>Parties with whom it may be legally necessary: it is possible that we disclose your information if required by law or if such disclosure is necessary to:<\/p><p>1- Comply with the law or any legal process;<\/p><p>2- Protect the rights or property of Solidarit\u00e9 Ahuntsic;<\/p><p>3- Protect the safety of our Website, our users, and their data.<\/p><p>Parties likely to be involved in a financial transaction: it is possible that we transfer your data following a change of control, merger, liquidation, or other transaction involving Pr\u00e9vention du crime Ahuntsic Cartierville. The information necessary for this process will only be used to conclude the transaction, and we will not communicate these details without your consent unless the law allows us to. We will take the necessary steps to protect the confidentiality of this information and will destroy it if the transaction<\/p><p>is not concluded or if its use is no longer necessary for the conclusion of the transaction.<\/p><p>Please note that you may be directed away from our website by clicking on certain links on our website. We assume no responsibility for the privacy practices of these other sites and recommend that you read their privacy policies carefully.<\/p><h2 lang=\"fr-CA\" align=\"justify\">Your Rights<\/h2><p>Data protection laws grant you certain rights regarding your information. Specifically, you can:<\/p><ul><li>Request access to your data to verify it. Note, however, that we reserve the right to ask you for additional information to prove your identity;<\/li><li>Ask us to modify or correct your data;<\/li><li>Request the deletion of the personal data we hold about you, unless we are required to retain this information to comply with legal obligations, for example;<\/li><li>Object to the processing of your data, unless we have legitimate reasons that outweigh your rights or interests, or if we need to continue processing this data for the establishment, exercise, or defense of legal claims;<\/li><li>Ask us to limit the processing of your data if it is incorrect, if you believe our processing of it is illegal, or if we no longer need to process your data but must keep it for legal reasons;<\/li><li>Request your data and personal information in an accessible format;<\/li><li>Withdraw your consent to the processing of your personal data;<\/li><li>File a complaint with the competent authority if you believe that we are processing your data in violation of applicable data protection laws.<\/li><\/ul><h2 lang=\"fr-CA\" align=\"justify\">Access and Control of Your Data<\/h2><p lang=\"fr-CA\" align=\"justify\">You can verify, modify, or delete your personal information by sending us an email at <a target=\"_new\">info@pc-ac.org<\/a>, through the &#8220;Contact&#8221; section on our website, or using the contact details available at the end of this Policy. We will respond to your request as quickly as possible. Please provide us with enough details so we can identify you and thus respond to your request.<\/p><h2 lang=\"fr-CA\">Location of Storage of Your Data<\/h2><p lang=\"fr-CA\" align=\"justify\">Your personal information is hosted in the following country(ies): Canada, United States (Quebec). They are hosted on WordPress servers.<\/p><h2 lang=\"fr-CA\">Duration of Storage of Your Data<\/h2><p lang=\"fr-CA\" align=\"justify\">We will retain all collected information for as long as necessary to achieve the purposes for which it was collected or for other essential purposes such as complying with legal obligations. We will destroy these data at the end of this period, or if you decide to withdraw your consent. If requested, once your data is deleted, you will receive confirmation that your request has been processed.<\/p><h2 lang=\"fr-CA\">Security<\/h2><p>To protect your personal information, we take reasonable precautions to ensure that it is not lost, misused, accessed, disclosed, altered, or improperly destroyed.<\/p><p>For example, we have a firewall on our website.<\/p><p>Internally, we ensure to:<\/p><ul><li>Perform frequent backups<\/li><li>Grant data access only to authorized individuals who need it for their work<\/li><\/ul><p>If you have any questions regarding the security of your personal information, please send us an email through the &#8220;Contact&#8221; section of our website or directly at <a target=\"_new\">info@pc-ac.org<\/a>.<\/p><h2 lang=\"fr-CA\">Age of Consent<\/h2><p lang=\"fr-CA\" align=\"justify\">We do not solicit or collect personal information from minors under the age of 14. If you are a parent or guardian and realize that a minor under the age of 14 has provided us with personal information, please contact us. If we become aware that we have collected personal information from a minor under 14 without parental consent, we will delete any information that may have been collected.<\/p><h2 lang=\"fr-CA\">Competent Authority<\/h2><p>If you are not satisfied with our response following a request concerning your personal information, you can contact the Commission d&#8217;acc\u00e8s \u00e0 l&#8217;information du Qu\u00e9bec, the public body in charge of overseeing personal data management and processing practices in Quebec, or the Office of the Privacy Commissioner of Canada for Canada.<\/p><p><strong>Commission d&#8217;acc\u00e8s \u00e0 l&#8217;information du Qu\u00e9bec<\/strong><br \/>Address: Bureau 900, 2045 Stanley Street, Montreal (Quebec) H3A 2V4<br \/>Phone: 514 873-4196<br \/>Fax: 514 844-6170<br \/>Toll-Free: 1 888 528-7741<br \/>Email: <a target=\"_new\">cai.communications@cai.gouv.qc.ca<\/a><br \/>Website: <a href=\"http:\/\/www.cai.gouv.qc.ca\/\" target=\"_new\">http:\/\/www.cai.gouv.qc.ca<\/a><\/p><p><strong>Office of the Privacy Commissioner of Canada<\/strong><br \/>Address: 30 Victoria Street, Gatineau (Quebec) K1A 1H3<br \/>Toll-Free: 1-800-282-1376<br \/>Phone: 819-994-5444<br \/>Fax: 819-994-5424<br \/>Website: <a target=\"_new\">https:\/\/www.priv.gc.ca\/en<\/a><\/p><h2 lang=\"fr-CA\" align=\"justify\">Changes to the Policy<\/h2><p lang=\"fr-CA\" align=\"justify\">We reserve the right to modify this Policy at any time; please review it frequently. Unless stated otherwise, changes to this Policy are effective as soon as they are published on our Site. If changes are made, we will notify you here of the update, so you know what information we collect, how we use it, and under what circumstances we disclose it, if applicable.<\/p><h1 lang=\"fr-CA\" align=\"justify\">Questions and Contact Information<\/h1><p>If you wish to access, correct, amend, or delete any personal information we have about you, file a complaint, or if you simply want more information, you can contact us at the following address:<\/p><p>Pr\u00e9vention du crime Ahuntsic Cartierville<br \/>Attention: Person responsible for the protection of personal information<br \/>12225 Grenet Street, Suite 2507,<br \/>Montreal, Quebec<br \/>H4J 2N7<br \/>Canada<br \/>514-335-0545<br \/><a target=\"_new\">info@pc-ac.org<\/a><\/p>\t\t\t\t\t\t\t\t<\/div>\n\t\t\t\t<\/div>\n\t\t\t\t\t<\/div>\n\t\t<\/div>\n\t\t\t\t\t<\/div>\n\t\t<\/section>\n\t\t\t\t<\/div>\n\t\t","protected":false},"excerpt":{"rendered":"<p>PRIVACY POLICY Pr\u00e9vention du crime Ahuntsic Cartierville respects your privacy. We are committed to protecting the personal information of our users. We have adopted this privacy policy (the &#8220;Policy&#8221;) to be transparent about the data we collect, the reasons why we collect it, with whom we share it, how you can access it, and how [&hellip;]<\/p>\n","protected":false},"author":1,"featured_media":0,"parent":0,"menu_order":0,"comment_status":"closed","ping_status":"closed","template":"elementor_header_footer","meta":{"_acf_changed":false,"footnotes":""},"class_list":["post-2470","page","type-page","status-publish","hentry"],"acf":[],"yoast_head":"<!-- This site is optimized with the Yoast SEO plugin v26.1.1 - https:\/\/yoast.com\/wordpress\/plugins\/seo\/ -->\n<title>Privacy policy - Pr\u00e9vention du crime Ahuntsic Cartierville<\/title>\n<meta name=\"robots\" content=\"index, follow, max-snippet:-1, max-image-preview:large, max-video-preview:-1\" \/>\n<link rel=\"canonical\" href=\"https:\/\/pc-ac.ca\/en\/privacy-policy\/\" \/>\n<meta property=\"og:locale\" content=\"en_US\" \/>\n<meta property=\"og:type\" content=\"article\" \/>\n<meta property=\"og:title\" content=\"Privacy policy - Pr\u00e9vention du crime Ahuntsic Cartierville\" \/>\n<meta property=\"og:description\" content=\"PRIVACY POLICY Pr\u00e9vention du crime Ahuntsic Cartierville respects your privacy. We are committed to protecting the personal information of our users. We have adopted this privacy policy (the &#8220;Policy&#8221;) to be transparent about the data we collect, the reasons why we collect it, with whom we share it, how you can access it, and how [&hellip;]\" \/>\n<meta property=\"og:url\" content=\"https:\/\/pc-ac.ca\/en\/privacy-policy\/\" \/>\n<meta property=\"og:site_name\" content=\"Pr\u00e9vention du crime Ahuntsic Cartierville\" \/>\n<meta property=\"article:modified_time\" content=\"2024-02-19T21:45:23+00:00\" \/>\n<meta name=\"twitter:card\" content=\"summary_large_image\" \/>\n<meta name=\"twitter:label1\" content=\"Est. reading time\" \/>\n\t<meta name=\"twitter:data1\" content=\"9 minutes\" \/>\n<script type=\"application\/ld+json\" class=\"yoast-schema-graph\">{\"@context\":\"https:\/\/schema.org\",\"@graph\":[{\"@type\":\"WebPage\",\"@id\":\"https:\/\/pc-ac.ca\/en\/privacy-policy\/\",\"url\":\"https:\/\/pc-ac.ca\/en\/privacy-policy\/\",\"name\":\"Privacy policy - Pr\u00e9vention du crime Ahuntsic Cartierville\",\"isPartOf\":{\"@id\":\"https:\/\/pc-ac.ca\/en\/#website\"},\"datePublished\":\"2024-02-19T20:25:54+00:00\",\"dateModified\":\"2024-02-19T21:45:23+00:00\",\"breadcrumb\":{\"@id\":\"https:\/\/pc-ac.ca\/en\/privacy-policy\/#breadcrumb\"},\"inLanguage\":\"en-CA\",\"potentialAction\":[{\"@type\":\"ReadAction\",\"target\":[\"https:\/\/pc-ac.ca\/en\/privacy-policy\/\"]}]},{\"@type\":\"BreadcrumbList\",\"@id\":\"https:\/\/pc-ac.ca\/en\/privacy-policy\/#breadcrumb\",\"itemListElement\":[{\"@type\":\"ListItem\",\"position\":1,\"name\":\"Home\",\"item\":\"https:\/\/pc-ac.ca\/en\/\"},{\"@type\":\"ListItem\",\"position\":2,\"name\":\"Privacy policy\"}]},{\"@type\":\"WebSite\",\"@id\":\"https:\/\/pc-ac.ca\/en\/#website\",\"url\":\"https:\/\/pc-ac.ca\/en\/\",\"name\":\"Pr\u00e9vention du crime Ahuntsic Cartierville\",\"description\":\"\",\"publisher\":{\"@id\":\"https:\/\/pc-ac.ca\/en\/#organization\"},\"potentialAction\":[{\"@type\":\"SearchAction\",\"target\":{\"@type\":\"EntryPoint\",\"urlTemplate\":\"https:\/\/pc-ac.ca\/en\/?s={search_term_string}\"},\"query-input\":{\"@type\":\"PropertyValueSpecification\",\"valueRequired\":true,\"valueName\":\"search_term_string\"}}],\"inLanguage\":\"en-CA\"},{\"@type\":\"Organization\",\"@id\":\"https:\/\/pc-ac.ca\/en\/#organization\",\"name\":\"Pr\u00e9vention du crime Ahuntsic Cartierville\",\"url\":\"https:\/\/pc-ac.ca\/en\/\",\"logo\":{\"@type\":\"ImageObject\",\"inLanguage\":\"en-CA\",\"@id\":\"https:\/\/pc-ac.ca\/en\/#\/schema\/logo\/image\/\",\"url\":\"https:\/\/pc-ac.ca\/wp-content\/uploads\/2020\/05\/logo-new-ombre.png\",\"contentUrl\":\"https:\/\/pc-ac.ca\/wp-content\/uploads\/2020\/05\/logo-new-ombre.png\",\"width\":2170,\"height\":2110,\"caption\":\"Pr\u00e9vention du crime Ahuntsic Cartierville\"},\"image\":{\"@id\":\"https:\/\/pc-ac.ca\/en\/#\/schema\/logo\/image\/\"}}]}<\/script>\n<!-- \/ Yoast SEO plugin. -->","yoast_head_json":{"title":"Privacy policy - Pr\u00e9vention du crime Ahuntsic Cartierville","robots":{"index":"index","follow":"follow","max-snippet":"max-snippet:-1","max-image-preview":"max-image-preview:large","max-video-preview":"max-video-preview:-1"},"canonical":"https:\/\/pc-ac.ca\/en\/privacy-policy\/","og_locale":"en_US","og_type":"article","og_title":"Privacy policy - Pr\u00e9vention du crime Ahuntsic Cartierville","og_description":"PRIVACY POLICY Pr\u00e9vention du crime Ahuntsic Cartierville respects your privacy. We are committed to protecting the personal information of our users. We have adopted this privacy policy (the &#8220;Policy&#8221;) to be transparent about the data we collect, the reasons why we collect it, with whom we share it, how you can access it, and how [&hellip;]","og_url":"https:\/\/pc-ac.ca\/en\/privacy-policy\/","og_site_name":"Pr\u00e9vention du crime Ahuntsic Cartierville","article_modified_time":"2024-02-19T21:45:23+00:00","twitter_card":"summary_large_image","twitter_misc":{"Est. reading time":"9 minutes"},"schema":{"@context":"https:\/\/schema.org","@graph":[{"@type":"WebPage","@id":"https:\/\/pc-ac.ca\/en\/privacy-policy\/","url":"https:\/\/pc-ac.ca\/en\/privacy-policy\/","name":"Privacy policy - Pr\u00e9vention du crime Ahuntsic Cartierville","isPartOf":{"@id":"https:\/\/pc-ac.ca\/en\/#website"},"datePublished":"2024-02-19T20:25:54+00:00","dateModified":"2024-02-19T21:45:23+00:00","breadcrumb":{"@id":"https:\/\/pc-ac.ca\/en\/privacy-policy\/#breadcrumb"},"inLanguage":"en-CA","potentialAction":[{"@type":"ReadAction","target":["https:\/\/pc-ac.ca\/en\/privacy-policy\/"]}]},{"@type":"BreadcrumbList","@id":"https:\/\/pc-ac.ca\/en\/privacy-policy\/#breadcrumb","itemListElement":[{"@type":"ListItem","position":1,"name":"Home","item":"https:\/\/pc-ac.ca\/en\/"},{"@type":"ListItem","position":2,"name":"Privacy policy"}]},{"@type":"WebSite","@id":"https:\/\/pc-ac.ca\/en\/#website","url":"https:\/\/pc-ac.ca\/en\/","name":"Pr\u00e9vention du crime Ahuntsic Cartierville","description":"","publisher":{"@id":"https:\/\/pc-ac.ca\/en\/#organization"},"potentialAction":[{"@type":"SearchAction","target":{"@type":"EntryPoint","urlTemplate":"https:\/\/pc-ac.ca\/en\/?s={search_term_string}"},"query-input":{"@type":"PropertyValueSpecification","valueRequired":true,"valueName":"search_term_string"}}],"inLanguage":"en-CA"},{"@type":"Organization","@id":"https:\/\/pc-ac.ca\/en\/#organization","name":"Pr\u00e9vention du crime Ahuntsic Cartierville","url":"https:\/\/pc-ac.ca\/en\/","logo":{"@type":"ImageObject","inLanguage":"en-CA","@id":"https:\/\/pc-ac.ca\/en\/#\/schema\/logo\/image\/","url":"https:\/\/pc-ac.ca\/wp-content\/uploads\/2020\/05\/logo-new-ombre.png","contentUrl":"https:\/\/pc-ac.ca\/wp-content\/uploads\/2020\/05\/logo-new-ombre.png","width":2170,"height":2110,"caption":"Pr\u00e9vention du crime Ahuntsic Cartierville"},"image":{"@id":"https:\/\/pc-ac.ca\/en\/#\/schema\/logo\/image\/"}}]}},"_links":{"self":[{"href":"https:\/\/pc-ac.ca\/en\/wp-json\/wp\/v2\/pages\/2470","targetHints":{"allow":["GET"]}}],"collection":[{"href":"https:\/\/pc-ac.ca\/en\/wp-json\/wp\/v2\/pages"}],"about":[{"href":"https:\/\/pc-ac.ca\/en\/wp-json\/wp\/v2\/types\/page"}],"author":[{"embeddable":true,"href":"https:\/\/pc-ac.ca\/en\/wp-json\/wp\/v2\/users\/1"}],"replies":[{"embeddable":true,"href":"https:\/\/pc-ac.ca\/en\/wp-json\/wp\/v2\/comments?post=2470"}],"version-history":[{"count":4,"href":"https:\/\/pc-ac.ca\/en\/wp-json\/wp\/v2\/pages\/2470\/revisions"}],"predecessor-version":[{"id":2485,"href":"https:\/\/pc-ac.ca\/en\/wp-json\/wp\/v2\/pages\/2470\/revisions\/2485"}],"wp:attachment":[{"href":"https:\/\/pc-ac.ca\/en\/wp-json\/wp\/v2\/media?parent=2470"}],"curies":[{"name":"wp","href":"https:\/\/api.w.org\/{rel}","templated":true}]}}